{"id":7093,"date":"2026-04-10T21:22:27","date_gmt":"2026-04-10T21:22:27","guid":{"rendered":"https:\/\/as-water.com\/loja\/sem%20categoria\/as-water-t-shirt-sols-imperial-sand-color-premium-comfort-lifestyle\/"},"modified":"2026-04-10T21:31:07","modified_gmt":"2026-04-10T21:31:07","slug":"cap-sols-long-beach-beige","status":"publish","type":"product","link":"https:\/\/as-water.com\/pt-pt\/loja\/merchandising\/cap-sols-long-beach-beige\/","title":{"rendered":"Bon\u00e9 AS WATER Sol\u2019s Long Beach \u2013 Bege | Estilo Outdoor Premium"},"content":{"rendered":"<p data-start=\"1939\" data-end=\"2045\">Bon\u00e9 AS WATER Sol\u2019s Long Beach em bege. Estilo minimalista, confort\u00e1vel e ideal para atividades outdoor e lifestyle ativo.<\/p>\n<p data-start=\"2047\" data-end=\"2201\">Na cor bege neutra e sofisticada, \u00e9 perfeito para proteger do sol enquanto mant\u00e9m uma est\u00e9tica clean e alinhada com o universo outdoor.<\/p>\n<p data-start=\"2203\" data-end=\"2311\">Leve, confort\u00e1vel e ajust\u00e1vel, acompanha facilmente qualquer momento \u2014 desde atividades na \u00e1gua at\u00e9 passeios ao ar livre.<\/p>\n<p data-start=\"2313\" data-end=\"2385\">Um detalhe simples que refor\u00e7a um estilo de vida consciente e ligado \u00e0 natureza.<\/p>\n","protected":false},"excerpt":{"rendered":"<p data-start=\"2415\" data-end=\"2572\">\u2714 Design leve e confort\u00e1vel<br data-start=\"2451\" data-end=\"2454\">\u2714 Ajuste f\u00e1cil e adapt\u00e1vel<br data-start=\"2470\" data-end=\"2473\">\u2714 Cor bege vers\u00e1til<br data-start=\"2496\" data-end=\"2499\">\u2714 Ideal para atividades outdoor<br data-start=\"2539\" data-end=\"2542\">\u2714 Estilo minimalista AS WATER<\/p>\n","protected":false},"featured_media":7091,"template":"","meta":[],"product_brand":[],"product_cat":[161],"product_tag":[],"class_list":{"0":"post-7093","1":"product","2":"type-product","3":"status-publish","4":"has-post-thumbnail","6":"product_cat-merchandising","8":"first","9":"instock","10":"shipping-taxable","11":"purchasable","12":"product-type-simple"},"yoast_head":"<!-- This site is optimized with the Yoast SEO plugin v27.4 - https:\/\/yoast.com\/product\/yoast-seo-wordpress\/ -->\n<title>Bon\u00e9 AS WATER Sol\u2019s Long Beach \u2013 Bege | Estilo Outdoor Premium - AS WATER ADVENTURE<\/title>\n<meta name=\"robots\" content=\"index, follow, max-snippet:-1, max-image-preview:large, max-video-preview:-1\" \/>\n<link rel=\"canonical\" href=\"https:\/\/as-water.com\/pt-pt\/loja\/merchandising\/cap-sols-long-beach-beige\/\" \/>\n<meta property=\"og:locale\" content=\"pt_PT\" \/>\n<meta property=\"og:type\" content=\"article\" \/>\n<meta property=\"og:title\" content=\"Bon\u00e9 AS WATER Sol\u2019s Long Beach \u2013 Bege | Estilo Outdoor Premium - AS WATER ADVENTURE\" \/>\n<meta property=\"og:description\" content=\"\u2714 Design leve e confort\u00e1vel\u2714 Ajuste f\u00e1cil e adapt\u00e1vel\u2714 Cor bege vers\u00e1til\u2714 Ideal para atividades outdoor\u2714 Estilo minimalista AS WATER\" \/>\n<meta property=\"og:url\" content=\"https:\/\/as-water.com\/pt-pt\/loja\/merchandising\/cap-sols-long-beach-beige\/\" \/>\n<meta property=\"og:site_name\" content=\"AS WATER ADVENTURE\" \/>\n<meta property=\"article:modified_time\" content=\"2026-04-10T21:31:07+00:00\" \/>\n<meta property=\"og:image\" content=\"https:\/\/as-water.com\/wp-content\/uploads\/2026\/04\/CAP-ASWATER_-scaled.jpg\" \/>\n\t<meta property=\"og:image:width\" content=\"2560\" \/>\n\t<meta property=\"og:image:height\" content=\"1707\" \/>\n\t<meta property=\"og:image:type\" content=\"image\/jpeg\" \/>\n<meta name=\"twitter:card\" content=\"summary_large_image\" \/>\n<meta name=\"twitter:label1\" content=\"Tempo estimado de leitura\" \/>\n\t<meta name=\"twitter:data1\" content=\"1 minuto\" \/>\n<script type=\"application\/ld+json\" class=\"yoast-schema-graph\">{\"@context\":\"https:\\\/\\\/schema.org\",\"@graph\":[{\"@type\":\"WebPage\",\"@id\":\"https:\\\/\\\/as-water.com\\\/pt-pt\\\/loja\\\/merchandising\\\/cap-sols-long-beach-beige\\\/\",\"url\":\"https:\\\/\\\/as-water.com\\\/pt-pt\\\/loja\\\/merchandising\\\/cap-sols-long-beach-beige\\\/\",\"name\":\"Bon\u00e9 AS WATER Sol\u2019s Long Beach \u2013 Bege | Estilo Outdoor Premium - AS WATER ADVENTURE\",\"isPartOf\":{\"@id\":\"https:\\\/\\\/as-water.com\\\/pt-pt\\\/#website\"},\"primaryImageOfPage\":{\"@id\":\"https:\\\/\\\/as-water.com\\\/pt-pt\\\/loja\\\/merchandising\\\/cap-sols-long-beach-beige\\\/#primaryimage\"},\"image\":{\"@id\":\"https:\\\/\\\/as-water.com\\\/pt-pt\\\/loja\\\/merchandising\\\/cap-sols-long-beach-beige\\\/#primaryimage\"},\"thumbnailUrl\":\"https:\\\/\\\/as-water.com\\\/wp-content\\\/uploads\\\/2026\\\/04\\\/CAP-ASWATER_-scaled.jpg\",\"datePublished\":\"2026-04-10T21:22:27+00:00\",\"dateModified\":\"2026-04-10T21:31:07+00:00\",\"breadcrumb\":{\"@id\":\"https:\\\/\\\/as-water.com\\\/pt-pt\\\/loja\\\/merchandising\\\/cap-sols-long-beach-beige\\\/#breadcrumb\"},\"inLanguage\":\"pt-PT\",\"potentialAction\":[{\"@type\":\"ReadAction\",\"target\":[\"https:\\\/\\\/as-water.com\\\/pt-pt\\\/loja\\\/merchandising\\\/cap-sols-long-beach-beige\\\/\"]}]},{\"@type\":\"ImageObject\",\"inLanguage\":\"pt-PT\",\"@id\":\"https:\\\/\\\/as-water.com\\\/pt-pt\\\/loja\\\/merchandising\\\/cap-sols-long-beach-beige\\\/#primaryimage\",\"url\":\"https:\\\/\\\/as-water.com\\\/wp-content\\\/uploads\\\/2026\\\/04\\\/CAP-ASWATER_-scaled.jpg\",\"contentUrl\":\"https:\\\/\\\/as-water.com\\\/wp-content\\\/uploads\\\/2026\\\/04\\\/CAP-ASWATER_-scaled.jpg\",\"width\":2560,\"height\":1707},{\"@type\":\"BreadcrumbList\",\"@id\":\"https:\\\/\\\/as-water.com\\\/pt-pt\\\/loja\\\/merchandising\\\/cap-sols-long-beach-beige\\\/#breadcrumb\",\"itemListElement\":[{\"@type\":\"ListItem\",\"position\":1,\"name\":\"In\u00edcio\",\"item\":\"https:\\\/\\\/as-water.com\\\/pt-pt\\\/\"},{\"@type\":\"ListItem\",\"position\":2,\"name\":\"LOJA\",\"item\":\"https:\\\/\\\/as-water.com\\\/loja\\\/\"},{\"@type\":\"ListItem\",\"position\":3,\"name\":\"Bon\u00e9 AS WATER Sol\u2019s Long Beach \u2013 Bege | Estilo Outdoor Premium\"}]},{\"@type\":\"WebSite\",\"@id\":\"https:\\\/\\\/as-water.com\\\/pt-pt\\\/#website\",\"url\":\"https:\\\/\\\/as-water.com\\\/pt-pt\\\/\",\"name\":\"AS WATER ADVENTURE\",\"description\":\"Your Ace in Balance and Innovation\",\"publisher\":{\"@id\":\"https:\\\/\\\/as-water.com\\\/pt-pt\\\/#organization\"},\"alternateName\":\"AS WATER\",\"potentialAction\":[{\"@type\":\"SearchAction\",\"target\":{\"@type\":\"EntryPoint\",\"urlTemplate\":\"https:\\\/\\\/as-water.com\\\/pt-pt\\\/?s={search_term_string}\"},\"query-input\":{\"@type\":\"PropertyValueSpecification\",\"valueRequired\":true,\"valueName\":\"search_term_string\"}}],\"inLanguage\":\"pt-PT\"},{\"@type\":\"Organization\",\"@id\":\"https:\\\/\\\/as-water.com\\\/pt-pt\\\/#organization\",\"name\":\"AS WATER ADVENTURE\",\"alternateName\":\"AS WATER\",\"url\":\"https:\\\/\\\/as-water.com\\\/pt-pt\\\/\",\"logo\":{\"@type\":\"ImageObject\",\"inLanguage\":\"pt-PT\",\"@id\":\"https:\\\/\\\/as-water.com\\\/pt-pt\\\/#\\\/schema\\\/logo\\\/image\\\/\",\"url\":\"https:\\\/\\\/as-water.com\\\/wp-content\\\/uploads\\\/2025\\\/02\\\/LOGO-ASWATER-Adventure-email.png\",\"contentUrl\":\"https:\\\/\\\/as-water.com\\\/wp-content\\\/uploads\\\/2025\\\/02\\\/LOGO-ASWATER-Adventure-email.png\",\"width\":140,\"height\":101,\"caption\":\"AS WATER ADVENTURE\"},\"image\":{\"@id\":\"https:\\\/\\\/as-water.com\\\/pt-pt\\\/#\\\/schema\\\/logo\\\/image\\\/\"},\"sameAs\":[\"https:\\\/\\\/www.instagram.com\\\/aswater_adventure\\\/?igsh=ejU0eDdkdXRibjZy#\"]}]}<\/script>\n<!-- \/ Yoast SEO plugin. -->","yoast_head_json":{"title":"Bon\u00e9 AS WATER Sol\u2019s Long Beach \u2013 Bege | Estilo Outdoor Premium - AS WATER ADVENTURE","robots":{"index":"index","follow":"follow","max-snippet":"max-snippet:-1","max-image-preview":"max-image-preview:large","max-video-preview":"max-video-preview:-1"},"canonical":"https:\/\/as-water.com\/pt-pt\/loja\/merchandising\/cap-sols-long-beach-beige\/","og_locale":"pt_PT","og_type":"article","og_title":"Bon\u00e9 AS WATER Sol\u2019s Long Beach \u2013 Bege | Estilo Outdoor Premium - AS WATER ADVENTURE","og_description":"\u2714 Design leve e confort\u00e1vel\u2714 Ajuste f\u00e1cil e adapt\u00e1vel\u2714 Cor bege vers\u00e1til\u2714 Ideal para atividades outdoor\u2714 Estilo minimalista AS WATER","og_url":"https:\/\/as-water.com\/pt-pt\/loja\/merchandising\/cap-sols-long-beach-beige\/","og_site_name":"AS WATER ADVENTURE","article_modified_time":"2026-04-10T21:31:07+00:00","og_image":[{"width":2560,"height":1707,"url":"https:\/\/as-water.com\/wp-content\/uploads\/2026\/04\/CAP-ASWATER_-scaled.jpg","type":"image\/jpeg"}],"twitter_card":"summary_large_image","twitter_misc":{"Tempo estimado de leitura":"1 minuto"},"schema":{"@context":"https:\/\/schema.org","@graph":[{"@type":"WebPage","@id":"https:\/\/as-water.com\/pt-pt\/loja\/merchandising\/cap-sols-long-beach-beige\/","url":"https:\/\/as-water.com\/pt-pt\/loja\/merchandising\/cap-sols-long-beach-beige\/","name":"Bon\u00e9 AS WATER Sol\u2019s Long Beach \u2013 Bege | Estilo Outdoor Premium - AS WATER ADVENTURE","isPartOf":{"@id":"https:\/\/as-water.com\/pt-pt\/#website"},"primaryImageOfPage":{"@id":"https:\/\/as-water.com\/pt-pt\/loja\/merchandising\/cap-sols-long-beach-beige\/#primaryimage"},"image":{"@id":"https:\/\/as-water.com\/pt-pt\/loja\/merchandising\/cap-sols-long-beach-beige\/#primaryimage"},"thumbnailUrl":"https:\/\/as-water.com\/wp-content\/uploads\/2026\/04\/CAP-ASWATER_-scaled.jpg","datePublished":"2026-04-10T21:22:27+00:00","dateModified":"2026-04-10T21:31:07+00:00","breadcrumb":{"@id":"https:\/\/as-water.com\/pt-pt\/loja\/merchandising\/cap-sols-long-beach-beige\/#breadcrumb"},"inLanguage":"pt-PT","potentialAction":[{"@type":"ReadAction","target":["https:\/\/as-water.com\/pt-pt\/loja\/merchandising\/cap-sols-long-beach-beige\/"]}]},{"@type":"ImageObject","inLanguage":"pt-PT","@id":"https:\/\/as-water.com\/pt-pt\/loja\/merchandising\/cap-sols-long-beach-beige\/#primaryimage","url":"https:\/\/as-water.com\/wp-content\/uploads\/2026\/04\/CAP-ASWATER_-scaled.jpg","contentUrl":"https:\/\/as-water.com\/wp-content\/uploads\/2026\/04\/CAP-ASWATER_-scaled.jpg","width":2560,"height":1707},{"@type":"BreadcrumbList","@id":"https:\/\/as-water.com\/pt-pt\/loja\/merchandising\/cap-sols-long-beach-beige\/#breadcrumb","itemListElement":[{"@type":"ListItem","position":1,"name":"In\u00edcio","item":"https:\/\/as-water.com\/pt-pt\/"},{"@type":"ListItem","position":2,"name":"LOJA","item":"https:\/\/as-water.com\/loja\/"},{"@type":"ListItem","position":3,"name":"Bon\u00e9 AS WATER Sol\u2019s Long Beach \u2013 Bege | Estilo Outdoor Premium"}]},{"@type":"WebSite","@id":"https:\/\/as-water.com\/pt-pt\/#website","url":"https:\/\/as-water.com\/pt-pt\/","name":"AS WATER ADVENTURE","description":"Your Ace in Balance and Innovation","publisher":{"@id":"https:\/\/as-water.com\/pt-pt\/#organization"},"alternateName":"AS WATER","potentialAction":[{"@type":"SearchAction","target":{"@type":"EntryPoint","urlTemplate":"https:\/\/as-water.com\/pt-pt\/?s={search_term_string}"},"query-input":{"@type":"PropertyValueSpecification","valueRequired":true,"valueName":"search_term_string"}}],"inLanguage":"pt-PT"},{"@type":"Organization","@id":"https:\/\/as-water.com\/pt-pt\/#organization","name":"AS WATER ADVENTURE","alternateName":"AS WATER","url":"https:\/\/as-water.com\/pt-pt\/","logo":{"@type":"ImageObject","inLanguage":"pt-PT","@id":"https:\/\/as-water.com\/pt-pt\/#\/schema\/logo\/image\/","url":"https:\/\/as-water.com\/wp-content\/uploads\/2025\/02\/LOGO-ASWATER-Adventure-email.png","contentUrl":"https:\/\/as-water.com\/wp-content\/uploads\/2025\/02\/LOGO-ASWATER-Adventure-email.png","width":140,"height":101,"caption":"AS WATER ADVENTURE"},"image":{"@id":"https:\/\/as-water.com\/pt-pt\/#\/schema\/logo\/image\/"},"sameAs":["https:\/\/www.instagram.com\/aswater_adventure\/?igsh=ejU0eDdkdXRibjZy#"]}]}},"_links":{"self":[{"href":"https:\/\/as-water.com\/pt-pt\/wp-json\/wp\/v2\/product\/7093","targetHints":{"allow":["GET"]}}],"collection":[{"href":"https:\/\/as-water.com\/pt-pt\/wp-json\/wp\/v2\/product"}],"about":[{"href":"https:\/\/as-water.com\/pt-pt\/wp-json\/wp\/v2\/types\/product"}],"wp:featuredmedia":[{"embeddable":true,"href":"https:\/\/as-water.com\/pt-pt\/wp-json\/wp\/v2\/media\/7091"}],"wp:attachment":[{"href":"https:\/\/as-water.com\/pt-pt\/wp-json\/wp\/v2\/media?parent=7093"}],"wp:term":[{"taxonomy":"product_brand","embeddable":true,"href":"https:\/\/as-water.com\/pt-pt\/wp-json\/wp\/v2\/product_brand?post=7093"},{"taxonomy":"product_cat","embeddable":true,"href":"https:\/\/as-water.com\/pt-pt\/wp-json\/wp\/v2\/product_cat?post=7093"},{"taxonomy":"product_tag","embeddable":true,"href":"https:\/\/as-water.com\/pt-pt\/wp-json\/wp\/v2\/product_tag?post=7093"}],"curies":[{"name":"wp","href":"https:\/\/api.w.org\/{rel}","templated":true}]}}