{"id":6584,"date":"2026-01-12T18:19:19","date_gmt":"2026-01-12T18:19:19","guid":{"rendered":"https:\/\/as-water.com\/?post_type=product&#038;p=6584"},"modified":"2026-03-15T20:22:32","modified_gmt":"2026-03-15T20:22:32","slug":"batente-espigao-guiador-schiller","status":"publish","type":"product","link":"https:\/\/as-water.com\/pt-pt\/loja\/pecas-e-acessorios\/batente-espigao-guiador-schiller\/","title":{"rendered":"Batente espig\u00e3o guiador"},"content":{"rendered":"<p>Batente integrado no espig\u00e3o do guiador.<\/p>\n<p>Compativel com as bicicletas aquaticas marca Schiller,.<\/p>\n<p>A pe\u00e7a tem como fun\u00e7\u00e3o limitar o raio de dire\u00e7\u00e3o sem for\u00e7ar os cabos direcionais.<\/p>\n<p>Feita em liga de alum\u00ednio.<\/p>\n","protected":false},"excerpt":{"rendered":"<p>Batente integrado no espig\u00e3o do guiador.<\/p>\n","protected":false},"featured_media":6585,"template":"","meta":[],"product_brand":[],"product_cat":[160],"product_tag":[256,257,258],"class_list":{"0":"post-6584","1":"product","2":"type-product","3":"status-publish","4":"has-post-thumbnail","6":"product_cat-pecas-e-acessorios","7":"product_tag-batente","8":"product_tag-espigao","9":"product_tag-guiador","11":"first","12":"instock","13":"taxable","14":"shipping-taxable","15":"purchasable","16":"product-type-simple"},"yoast_head":"<!-- This site is optimized with the Yoast SEO plugin v27.4 - https:\/\/yoast.com\/product\/yoast-seo-wordpress\/ -->\n<title>Batente espig\u00e3o guiador - AS WATER ADVENTURE<\/title>\n<meta name=\"robots\" content=\"index, follow, max-snippet:-1, max-image-preview:large, max-video-preview:-1\" \/>\n<link rel=\"canonical\" href=\"https:\/\/as-water.com\/pt-pt\/loja\/pecas-e-acessorios\/batente-espigao-guiador-schiller\/\" \/>\n<meta property=\"og:locale\" content=\"pt_PT\" \/>\n<meta property=\"og:type\" content=\"article\" \/>\n<meta property=\"og:title\" content=\"Batente espig\u00e3o guiador - AS WATER ADVENTURE\" \/>\n<meta property=\"og:description\" content=\"Batente integrado no espig\u00e3o do guiador.\" \/>\n<meta property=\"og:url\" content=\"https:\/\/as-water.com\/pt-pt\/loja\/pecas-e-acessorios\/batente-espigao-guiador-schiller\/\" \/>\n<meta property=\"og:site_name\" content=\"AS WATER ADVENTURE\" \/>\n<meta property=\"article:modified_time\" content=\"2026-03-15T20:22:32+00:00\" \/>\n<meta property=\"og:image\" content=\"https:\/\/as-water.com\/wp-content\/uploads\/2026\/01\/1763340387105-scaled.jpg\" \/>\n\t<meta property=\"og:image:width\" content=\"1920\" \/>\n\t<meta property=\"og:image:height\" content=\"2560\" \/>\n\t<meta property=\"og:image:type\" content=\"image\/jpeg\" \/>\n<meta name=\"twitter:card\" content=\"summary_large_image\" \/>\n<meta name=\"twitter:label1\" content=\"Tempo estimado de leitura\" \/>\n\t<meta name=\"twitter:data1\" content=\"1 minuto\" \/>\n<script type=\"application\/ld+json\" class=\"yoast-schema-graph\">{\"@context\":\"https:\\\/\\\/schema.org\",\"@graph\":[{\"@type\":\"WebPage\",\"@id\":\"https:\\\/\\\/as-water.com\\\/pt-pt\\\/loja\\\/pecas-e-acessorios\\\/batente-espigao-guiador-schiller\\\/\",\"url\":\"https:\\\/\\\/as-water.com\\\/pt-pt\\\/loja\\\/pecas-e-acessorios\\\/batente-espigao-guiador-schiller\\\/\",\"name\":\"Batente espig\u00e3o guiador - AS WATER ADVENTURE\",\"isPartOf\":{\"@id\":\"https:\\\/\\\/as-water.com\\\/pt-pt\\\/#website\"},\"primaryImageOfPage\":{\"@id\":\"https:\\\/\\\/as-water.com\\\/pt-pt\\\/loja\\\/pecas-e-acessorios\\\/batente-espigao-guiador-schiller\\\/#primaryimage\"},\"image\":{\"@id\":\"https:\\\/\\\/as-water.com\\\/pt-pt\\\/loja\\\/pecas-e-acessorios\\\/batente-espigao-guiador-schiller\\\/#primaryimage\"},\"thumbnailUrl\":\"https:\\\/\\\/as-water.com\\\/wp-content\\\/uploads\\\/2026\\\/01\\\/1763340387105-scaled.jpg\",\"datePublished\":\"2026-01-12T18:19:19+00:00\",\"dateModified\":\"2026-03-15T20:22:32+00:00\",\"breadcrumb\":{\"@id\":\"https:\\\/\\\/as-water.com\\\/pt-pt\\\/loja\\\/pecas-e-acessorios\\\/batente-espigao-guiador-schiller\\\/#breadcrumb\"},\"inLanguage\":\"pt-PT\",\"potentialAction\":[{\"@type\":\"ReadAction\",\"target\":[\"https:\\\/\\\/as-water.com\\\/pt-pt\\\/loja\\\/pecas-e-acessorios\\\/batente-espigao-guiador-schiller\\\/\"]}]},{\"@type\":\"ImageObject\",\"inLanguage\":\"pt-PT\",\"@id\":\"https:\\\/\\\/as-water.com\\\/pt-pt\\\/loja\\\/pecas-e-acessorios\\\/batente-espigao-guiador-schiller\\\/#primaryimage\",\"url\":\"https:\\\/\\\/as-water.com\\\/wp-content\\\/uploads\\\/2026\\\/01\\\/1763340387105-scaled.jpg\",\"contentUrl\":\"https:\\\/\\\/as-water.com\\\/wp-content\\\/uploads\\\/2026\\\/01\\\/1763340387105-scaled.jpg\",\"width\":1920,\"height\":2560},{\"@type\":\"BreadcrumbList\",\"@id\":\"https:\\\/\\\/as-water.com\\\/pt-pt\\\/loja\\\/pecas-e-acessorios\\\/batente-espigao-guiador-schiller\\\/#breadcrumb\",\"itemListElement\":[{\"@type\":\"ListItem\",\"position\":1,\"name\":\"In\u00edcio\",\"item\":\"https:\\\/\\\/as-water.com\\\/pt-pt\\\/\"},{\"@type\":\"ListItem\",\"position\":2,\"name\":\"LOJA\",\"item\":\"https:\\\/\\\/as-water.com\\\/loja\\\/\"},{\"@type\":\"ListItem\",\"position\":3,\"name\":\"Batente espig\u00e3o guiador\"}]},{\"@type\":\"WebSite\",\"@id\":\"https:\\\/\\\/as-water.com\\\/pt-pt\\\/#website\",\"url\":\"https:\\\/\\\/as-water.com\\\/pt-pt\\\/\",\"name\":\"AS WATER ADVENTURE\",\"description\":\"Your Ace in Balance and Innovation\",\"publisher\":{\"@id\":\"https:\\\/\\\/as-water.com\\\/pt-pt\\\/#organization\"},\"alternateName\":\"AS WATER\",\"potentialAction\":[{\"@type\":\"SearchAction\",\"target\":{\"@type\":\"EntryPoint\",\"urlTemplate\":\"https:\\\/\\\/as-water.com\\\/pt-pt\\\/?s={search_term_string}\"},\"query-input\":{\"@type\":\"PropertyValueSpecification\",\"valueRequired\":true,\"valueName\":\"search_term_string\"}}],\"inLanguage\":\"pt-PT\"},{\"@type\":\"Organization\",\"@id\":\"https:\\\/\\\/as-water.com\\\/pt-pt\\\/#organization\",\"name\":\"AS WATER ADVENTURE\",\"alternateName\":\"AS WATER\",\"url\":\"https:\\\/\\\/as-water.com\\\/pt-pt\\\/\",\"logo\":{\"@type\":\"ImageObject\",\"inLanguage\":\"pt-PT\",\"@id\":\"https:\\\/\\\/as-water.com\\\/pt-pt\\\/#\\\/schema\\\/logo\\\/image\\\/\",\"url\":\"https:\\\/\\\/as-water.com\\\/wp-content\\\/uploads\\\/2025\\\/02\\\/LOGO-ASWATER-Adventure-email.png\",\"contentUrl\":\"https:\\\/\\\/as-water.com\\\/wp-content\\\/uploads\\\/2025\\\/02\\\/LOGO-ASWATER-Adventure-email.png\",\"width\":140,\"height\":101,\"caption\":\"AS WATER ADVENTURE\"},\"image\":{\"@id\":\"https:\\\/\\\/as-water.com\\\/pt-pt\\\/#\\\/schema\\\/logo\\\/image\\\/\"},\"sameAs\":[\"https:\\\/\\\/www.instagram.com\\\/aswater_adventure\\\/?igsh=ejU0eDdkdXRibjZy#\"]}]}<\/script>\n<!-- \/ Yoast SEO plugin. -->","yoast_head_json":{"title":"Batente espig\u00e3o guiador - AS WATER ADVENTURE","robots":{"index":"index","follow":"follow","max-snippet":"max-snippet:-1","max-image-preview":"max-image-preview:large","max-video-preview":"max-video-preview:-1"},"canonical":"https:\/\/as-water.com\/pt-pt\/loja\/pecas-e-acessorios\/batente-espigao-guiador-schiller\/","og_locale":"pt_PT","og_type":"article","og_title":"Batente espig\u00e3o guiador - AS WATER ADVENTURE","og_description":"Batente integrado no espig\u00e3o do guiador.","og_url":"https:\/\/as-water.com\/pt-pt\/loja\/pecas-e-acessorios\/batente-espigao-guiador-schiller\/","og_site_name":"AS WATER ADVENTURE","article_modified_time":"2026-03-15T20:22:32+00:00","og_image":[{"width":1920,"height":2560,"url":"https:\/\/as-water.com\/wp-content\/uploads\/2026\/01\/1763340387105-scaled.jpg","type":"image\/jpeg"}],"twitter_card":"summary_large_image","twitter_misc":{"Tempo estimado de leitura":"1 minuto"},"schema":{"@context":"https:\/\/schema.org","@graph":[{"@type":"WebPage","@id":"https:\/\/as-water.com\/pt-pt\/loja\/pecas-e-acessorios\/batente-espigao-guiador-schiller\/","url":"https:\/\/as-water.com\/pt-pt\/loja\/pecas-e-acessorios\/batente-espigao-guiador-schiller\/","name":"Batente espig\u00e3o guiador - AS WATER ADVENTURE","isPartOf":{"@id":"https:\/\/as-water.com\/pt-pt\/#website"},"primaryImageOfPage":{"@id":"https:\/\/as-water.com\/pt-pt\/loja\/pecas-e-acessorios\/batente-espigao-guiador-schiller\/#primaryimage"},"image":{"@id":"https:\/\/as-water.com\/pt-pt\/loja\/pecas-e-acessorios\/batente-espigao-guiador-schiller\/#primaryimage"},"thumbnailUrl":"https:\/\/as-water.com\/wp-content\/uploads\/2026\/01\/1763340387105-scaled.jpg","datePublished":"2026-01-12T18:19:19+00:00","dateModified":"2026-03-15T20:22:32+00:00","breadcrumb":{"@id":"https:\/\/as-water.com\/pt-pt\/loja\/pecas-e-acessorios\/batente-espigao-guiador-schiller\/#breadcrumb"},"inLanguage":"pt-PT","potentialAction":[{"@type":"ReadAction","target":["https:\/\/as-water.com\/pt-pt\/loja\/pecas-e-acessorios\/batente-espigao-guiador-schiller\/"]}]},{"@type":"ImageObject","inLanguage":"pt-PT","@id":"https:\/\/as-water.com\/pt-pt\/loja\/pecas-e-acessorios\/batente-espigao-guiador-schiller\/#primaryimage","url":"https:\/\/as-water.com\/wp-content\/uploads\/2026\/01\/1763340387105-scaled.jpg","contentUrl":"https:\/\/as-water.com\/wp-content\/uploads\/2026\/01\/1763340387105-scaled.jpg","width":1920,"height":2560},{"@type":"BreadcrumbList","@id":"https:\/\/as-water.com\/pt-pt\/loja\/pecas-e-acessorios\/batente-espigao-guiador-schiller\/#breadcrumb","itemListElement":[{"@type":"ListItem","position":1,"name":"In\u00edcio","item":"https:\/\/as-water.com\/pt-pt\/"},{"@type":"ListItem","position":2,"name":"LOJA","item":"https:\/\/as-water.com\/loja\/"},{"@type":"ListItem","position":3,"name":"Batente espig\u00e3o guiador"}]},{"@type":"WebSite","@id":"https:\/\/as-water.com\/pt-pt\/#website","url":"https:\/\/as-water.com\/pt-pt\/","name":"AS WATER ADVENTURE","description":"Your Ace in Balance and Innovation","publisher":{"@id":"https:\/\/as-water.com\/pt-pt\/#organization"},"alternateName":"AS WATER","potentialAction":[{"@type":"SearchAction","target":{"@type":"EntryPoint","urlTemplate":"https:\/\/as-water.com\/pt-pt\/?s={search_term_string}"},"query-input":{"@type":"PropertyValueSpecification","valueRequired":true,"valueName":"search_term_string"}}],"inLanguage":"pt-PT"},{"@type":"Organization","@id":"https:\/\/as-water.com\/pt-pt\/#organization","name":"AS WATER ADVENTURE","alternateName":"AS WATER","url":"https:\/\/as-water.com\/pt-pt\/","logo":{"@type":"ImageObject","inLanguage":"pt-PT","@id":"https:\/\/as-water.com\/pt-pt\/#\/schema\/logo\/image\/","url":"https:\/\/as-water.com\/wp-content\/uploads\/2025\/02\/LOGO-ASWATER-Adventure-email.png","contentUrl":"https:\/\/as-water.com\/wp-content\/uploads\/2025\/02\/LOGO-ASWATER-Adventure-email.png","width":140,"height":101,"caption":"AS WATER ADVENTURE"},"image":{"@id":"https:\/\/as-water.com\/pt-pt\/#\/schema\/logo\/image\/"},"sameAs":["https:\/\/www.instagram.com\/aswater_adventure\/?igsh=ejU0eDdkdXRibjZy#"]}]}},"_links":{"self":[{"href":"https:\/\/as-water.com\/pt-pt\/wp-json\/wp\/v2\/product\/6584","targetHints":{"allow":["GET"]}}],"collection":[{"href":"https:\/\/as-water.com\/pt-pt\/wp-json\/wp\/v2\/product"}],"about":[{"href":"https:\/\/as-water.com\/pt-pt\/wp-json\/wp\/v2\/types\/product"}],"wp:featuredmedia":[{"embeddable":true,"href":"https:\/\/as-water.com\/pt-pt\/wp-json\/wp\/v2\/media\/6585"}],"wp:attachment":[{"href":"https:\/\/as-water.com\/pt-pt\/wp-json\/wp\/v2\/media?parent=6584"}],"wp:term":[{"taxonomy":"product_brand","embeddable":true,"href":"https:\/\/as-water.com\/pt-pt\/wp-json\/wp\/v2\/product_brand?post=6584"},{"taxonomy":"product_cat","embeddable":true,"href":"https:\/\/as-water.com\/pt-pt\/wp-json\/wp\/v2\/product_cat?post=6584"},{"taxonomy":"product_tag","embeddable":true,"href":"https:\/\/as-water.com\/pt-pt\/wp-json\/wp\/v2\/product_tag?post=6584"}],"curies":[{"name":"wp","href":"https:\/\/api.w.org\/{rel}","templated":true}]}}