{"id":478,"date":"2024-12-16T10:22:51","date_gmt":"2024-12-16T10:22:51","guid":{"rendered":"https:\/\/as-water.com\/?post_type=product&#038;p=478"},"modified":"2025-02-28T10:08:03","modified_gmt":"2025-02-28T10:08:03","slug":"outdrive-brake-aluminum-black","status":"publish","type":"product","link":"https:\/\/as-water.com\/pt-pt\/loja\/pecas-e-acessorios\/outdrive-brake-aluminum-black\/","title":{"rendered":"Trav\u00e3o para Outdrive, Alum\u00ednio, Preto"},"content":{"rendered":"<p>Trav\u00e3o de outdrive em alum\u00ednio preto, projetado para proporcionar maior controle e seguran\u00e7a em sistemas de transmiss\u00e3o de embarca\u00e7\u00f5es e outros ve\u00edculos motorizados.<\/p>\n","protected":false},"excerpt":{"rendered":"<p>Trav\u00e3o de outdrive em alum\u00ednio preto, para maior controle e seguran\u00e7a.<\/p>\n","protected":false},"featured_media":649,"template":"","meta":[],"product_brand":[],"product_cat":[160],"product_tag":[],"class_list":{"0":"post-478","1":"product","2":"type-product","3":"status-publish","4":"has-post-thumbnail","6":"product_cat-pecas-e-acessorios","8":"first","9":"instock","10":"taxable","11":"shipping-taxable","12":"purchasable","13":"product-type-simple"},"yoast_head":"<!-- This site is optimized with the Yoast SEO plugin v27.4 - https:\/\/yoast.com\/product\/yoast-seo-wordpress\/ -->\n<title>Trav\u00e3o para Outdrive, Alum\u00ednio, Preto - AS WATER ADVENTURE<\/title>\n<meta name=\"robots\" content=\"index, follow, max-snippet:-1, max-image-preview:large, max-video-preview:-1\" \/>\n<link rel=\"canonical\" href=\"https:\/\/as-water.com\/pt-pt\/loja\/pecas-e-acessorios\/outdrive-brake-aluminum-black\/\" \/>\n<meta property=\"og:locale\" content=\"pt_PT\" \/>\n<meta property=\"og:type\" content=\"article\" \/>\n<meta property=\"og:title\" content=\"Trav\u00e3o para Outdrive, Alum\u00ednio, Preto - AS WATER ADVENTURE\" \/>\n<meta property=\"og:description\" content=\"Trav\u00e3o de outdrive em alum\u00ednio preto, para maior controle e seguran\u00e7a.\" \/>\n<meta property=\"og:url\" content=\"https:\/\/as-water.com\/pt-pt\/loja\/pecas-e-acessorios\/outdrive-brake-aluminum-black\/\" \/>\n<meta property=\"og:site_name\" content=\"AS WATER ADVENTURE\" \/>\n<meta property=\"article:modified_time\" content=\"2025-02-28T10:08:03+00:00\" \/>\n<meta property=\"og:image\" content=\"https:\/\/as-water.com\/wp-content\/uploads\/2025\/01\/outdrive-brake-1-scaled.webp\" \/>\n\t<meta property=\"og:image:width\" content=\"2560\" \/>\n\t<meta property=\"og:image:height\" content=\"1707\" \/>\n\t<meta property=\"og:image:type\" content=\"image\/webp\" \/>\n<meta name=\"twitter:card\" content=\"summary_large_image\" \/>\n<meta name=\"twitter:label1\" content=\"Tempo estimado de leitura\" \/>\n\t<meta name=\"twitter:data1\" content=\"1 minuto\" \/>\n<script type=\"application\/ld+json\" class=\"yoast-schema-graph\">{\"@context\":\"https:\\\/\\\/schema.org\",\"@graph\":[{\"@type\":\"WebPage\",\"@id\":\"https:\\\/\\\/as-water.com\\\/pt-pt\\\/loja\\\/pecas-e-acessorios\\\/outdrive-brake-aluminum-black\\\/\",\"url\":\"https:\\\/\\\/as-water.com\\\/pt-pt\\\/loja\\\/pecas-e-acessorios\\\/outdrive-brake-aluminum-black\\\/\",\"name\":\"Trav\u00e3o para Outdrive, Alum\u00ednio, Preto - AS WATER ADVENTURE\",\"isPartOf\":{\"@id\":\"https:\\\/\\\/as-water.com\\\/pt-pt\\\/#website\"},\"primaryImageOfPage\":{\"@id\":\"https:\\\/\\\/as-water.com\\\/pt-pt\\\/loja\\\/pecas-e-acessorios\\\/outdrive-brake-aluminum-black\\\/#primaryimage\"},\"image\":{\"@id\":\"https:\\\/\\\/as-water.com\\\/pt-pt\\\/loja\\\/pecas-e-acessorios\\\/outdrive-brake-aluminum-black\\\/#primaryimage\"},\"thumbnailUrl\":\"https:\\\/\\\/as-water.com\\\/wp-content\\\/uploads\\\/2025\\\/01\\\/outdrive-brake-1-scaled.webp\",\"datePublished\":\"2024-12-16T10:22:51+00:00\",\"dateModified\":\"2025-02-28T10:08:03+00:00\",\"breadcrumb\":{\"@id\":\"https:\\\/\\\/as-water.com\\\/pt-pt\\\/loja\\\/pecas-e-acessorios\\\/outdrive-brake-aluminum-black\\\/#breadcrumb\"},\"inLanguage\":\"pt-PT\",\"potentialAction\":[{\"@type\":\"ReadAction\",\"target\":[\"https:\\\/\\\/as-water.com\\\/pt-pt\\\/loja\\\/pecas-e-acessorios\\\/outdrive-brake-aluminum-black\\\/\"]}]},{\"@type\":\"ImageObject\",\"inLanguage\":\"pt-PT\",\"@id\":\"https:\\\/\\\/as-water.com\\\/pt-pt\\\/loja\\\/pecas-e-acessorios\\\/outdrive-brake-aluminum-black\\\/#primaryimage\",\"url\":\"https:\\\/\\\/as-water.com\\\/wp-content\\\/uploads\\\/2025\\\/01\\\/outdrive-brake-1-scaled.webp\",\"contentUrl\":\"https:\\\/\\\/as-water.com\\\/wp-content\\\/uploads\\\/2025\\\/01\\\/outdrive-brake-1-scaled.webp\",\"width\":2560,\"height\":1707},{\"@type\":\"BreadcrumbList\",\"@id\":\"https:\\\/\\\/as-water.com\\\/pt-pt\\\/loja\\\/pecas-e-acessorios\\\/outdrive-brake-aluminum-black\\\/#breadcrumb\",\"itemListElement\":[{\"@type\":\"ListItem\",\"position\":1,\"name\":\"In\u00edcio\",\"item\":\"https:\\\/\\\/as-water.com\\\/pt-pt\\\/\"},{\"@type\":\"ListItem\",\"position\":2,\"name\":\"LOJA\",\"item\":\"https:\\\/\\\/as-water.com\\\/loja\\\/\"},{\"@type\":\"ListItem\",\"position\":3,\"name\":\"Trav\u00e3o para Outdrive, Alum\u00ednio, Preto\"}]},{\"@type\":\"WebSite\",\"@id\":\"https:\\\/\\\/as-water.com\\\/pt-pt\\\/#website\",\"url\":\"https:\\\/\\\/as-water.com\\\/pt-pt\\\/\",\"name\":\"AS WATER ADVENTURE\",\"description\":\"Your Ace in Balance and Innovation\",\"publisher\":{\"@id\":\"https:\\\/\\\/as-water.com\\\/pt-pt\\\/#organization\"},\"alternateName\":\"AS WATER\",\"potentialAction\":[{\"@type\":\"SearchAction\",\"target\":{\"@type\":\"EntryPoint\",\"urlTemplate\":\"https:\\\/\\\/as-water.com\\\/pt-pt\\\/?s={search_term_string}\"},\"query-input\":{\"@type\":\"PropertyValueSpecification\",\"valueRequired\":true,\"valueName\":\"search_term_string\"}}],\"inLanguage\":\"pt-PT\"},{\"@type\":\"Organization\",\"@id\":\"https:\\\/\\\/as-water.com\\\/pt-pt\\\/#organization\",\"name\":\"AS WATER ADVENTURE\",\"alternateName\":\"AS WATER\",\"url\":\"https:\\\/\\\/as-water.com\\\/pt-pt\\\/\",\"logo\":{\"@type\":\"ImageObject\",\"inLanguage\":\"pt-PT\",\"@id\":\"https:\\\/\\\/as-water.com\\\/pt-pt\\\/#\\\/schema\\\/logo\\\/image\\\/\",\"url\":\"https:\\\/\\\/as-water.com\\\/wp-content\\\/uploads\\\/2025\\\/02\\\/LOGO-ASWATER-Adventure-email.png\",\"contentUrl\":\"https:\\\/\\\/as-water.com\\\/wp-content\\\/uploads\\\/2025\\\/02\\\/LOGO-ASWATER-Adventure-email.png\",\"width\":140,\"height\":101,\"caption\":\"AS WATER ADVENTURE\"},\"image\":{\"@id\":\"https:\\\/\\\/as-water.com\\\/pt-pt\\\/#\\\/schema\\\/logo\\\/image\\\/\"},\"sameAs\":[\"https:\\\/\\\/www.instagram.com\\\/aswater_adventure\\\/?igsh=ejU0eDdkdXRibjZy#\"]}]}<\/script>\n<!-- \/ Yoast SEO plugin. -->","yoast_head_json":{"title":"Trav\u00e3o para Outdrive, Alum\u00ednio, Preto - AS WATER ADVENTURE","robots":{"index":"index","follow":"follow","max-snippet":"max-snippet:-1","max-image-preview":"max-image-preview:large","max-video-preview":"max-video-preview:-1"},"canonical":"https:\/\/as-water.com\/pt-pt\/loja\/pecas-e-acessorios\/outdrive-brake-aluminum-black\/","og_locale":"pt_PT","og_type":"article","og_title":"Trav\u00e3o para Outdrive, Alum\u00ednio, Preto - AS WATER ADVENTURE","og_description":"Trav\u00e3o de outdrive em alum\u00ednio preto, para maior controle e seguran\u00e7a.","og_url":"https:\/\/as-water.com\/pt-pt\/loja\/pecas-e-acessorios\/outdrive-brake-aluminum-black\/","og_site_name":"AS WATER ADVENTURE","article_modified_time":"2025-02-28T10:08:03+00:00","og_image":[{"width":2560,"height":1707,"url":"https:\/\/as-water.com\/wp-content\/uploads\/2025\/01\/outdrive-brake-1-scaled.webp","type":"image\/webp"}],"twitter_card":"summary_large_image","twitter_misc":{"Tempo estimado de leitura":"1 minuto"},"schema":{"@context":"https:\/\/schema.org","@graph":[{"@type":"WebPage","@id":"https:\/\/as-water.com\/pt-pt\/loja\/pecas-e-acessorios\/outdrive-brake-aluminum-black\/","url":"https:\/\/as-water.com\/pt-pt\/loja\/pecas-e-acessorios\/outdrive-brake-aluminum-black\/","name":"Trav\u00e3o para Outdrive, Alum\u00ednio, Preto - AS WATER ADVENTURE","isPartOf":{"@id":"https:\/\/as-water.com\/pt-pt\/#website"},"primaryImageOfPage":{"@id":"https:\/\/as-water.com\/pt-pt\/loja\/pecas-e-acessorios\/outdrive-brake-aluminum-black\/#primaryimage"},"image":{"@id":"https:\/\/as-water.com\/pt-pt\/loja\/pecas-e-acessorios\/outdrive-brake-aluminum-black\/#primaryimage"},"thumbnailUrl":"https:\/\/as-water.com\/wp-content\/uploads\/2025\/01\/outdrive-brake-1-scaled.webp","datePublished":"2024-12-16T10:22:51+00:00","dateModified":"2025-02-28T10:08:03+00:00","breadcrumb":{"@id":"https:\/\/as-water.com\/pt-pt\/loja\/pecas-e-acessorios\/outdrive-brake-aluminum-black\/#breadcrumb"},"inLanguage":"pt-PT","potentialAction":[{"@type":"ReadAction","target":["https:\/\/as-water.com\/pt-pt\/loja\/pecas-e-acessorios\/outdrive-brake-aluminum-black\/"]}]},{"@type":"ImageObject","inLanguage":"pt-PT","@id":"https:\/\/as-water.com\/pt-pt\/loja\/pecas-e-acessorios\/outdrive-brake-aluminum-black\/#primaryimage","url":"https:\/\/as-water.com\/wp-content\/uploads\/2025\/01\/outdrive-brake-1-scaled.webp","contentUrl":"https:\/\/as-water.com\/wp-content\/uploads\/2025\/01\/outdrive-brake-1-scaled.webp","width":2560,"height":1707},{"@type":"BreadcrumbList","@id":"https:\/\/as-water.com\/pt-pt\/loja\/pecas-e-acessorios\/outdrive-brake-aluminum-black\/#breadcrumb","itemListElement":[{"@type":"ListItem","position":1,"name":"In\u00edcio","item":"https:\/\/as-water.com\/pt-pt\/"},{"@type":"ListItem","position":2,"name":"LOJA","item":"https:\/\/as-water.com\/loja\/"},{"@type":"ListItem","position":3,"name":"Trav\u00e3o para Outdrive, Alum\u00ednio, Preto"}]},{"@type":"WebSite","@id":"https:\/\/as-water.com\/pt-pt\/#website","url":"https:\/\/as-water.com\/pt-pt\/","name":"AS WATER ADVENTURE","description":"Your Ace in Balance and Innovation","publisher":{"@id":"https:\/\/as-water.com\/pt-pt\/#organization"},"alternateName":"AS WATER","potentialAction":[{"@type":"SearchAction","target":{"@type":"EntryPoint","urlTemplate":"https:\/\/as-water.com\/pt-pt\/?s={search_term_string}"},"query-input":{"@type":"PropertyValueSpecification","valueRequired":true,"valueName":"search_term_string"}}],"inLanguage":"pt-PT"},{"@type":"Organization","@id":"https:\/\/as-water.com\/pt-pt\/#organization","name":"AS WATER ADVENTURE","alternateName":"AS WATER","url":"https:\/\/as-water.com\/pt-pt\/","logo":{"@type":"ImageObject","inLanguage":"pt-PT","@id":"https:\/\/as-water.com\/pt-pt\/#\/schema\/logo\/image\/","url":"https:\/\/as-water.com\/wp-content\/uploads\/2025\/02\/LOGO-ASWATER-Adventure-email.png","contentUrl":"https:\/\/as-water.com\/wp-content\/uploads\/2025\/02\/LOGO-ASWATER-Adventure-email.png","width":140,"height":101,"caption":"AS WATER ADVENTURE"},"image":{"@id":"https:\/\/as-water.com\/pt-pt\/#\/schema\/logo\/image\/"},"sameAs":["https:\/\/www.instagram.com\/aswater_adventure\/?igsh=ejU0eDdkdXRibjZy#"]}]}},"_links":{"self":[{"href":"https:\/\/as-water.com\/pt-pt\/wp-json\/wp\/v2\/product\/478","targetHints":{"allow":["GET"]}}],"collection":[{"href":"https:\/\/as-water.com\/pt-pt\/wp-json\/wp\/v2\/product"}],"about":[{"href":"https:\/\/as-water.com\/pt-pt\/wp-json\/wp\/v2\/types\/product"}],"wp:featuredmedia":[{"embeddable":true,"href":"https:\/\/as-water.com\/pt-pt\/wp-json\/wp\/v2\/media\/649"}],"wp:attachment":[{"href":"https:\/\/as-water.com\/pt-pt\/wp-json\/wp\/v2\/media?parent=478"}],"wp:term":[{"taxonomy":"product_brand","embeddable":true,"href":"https:\/\/as-water.com\/pt-pt\/wp-json\/wp\/v2\/product_brand?post=478"},{"taxonomy":"product_cat","embeddable":true,"href":"https:\/\/as-water.com\/pt-pt\/wp-json\/wp\/v2\/product_cat?post=478"},{"taxonomy":"product_tag","embeddable":true,"href":"https:\/\/as-water.com\/pt-pt\/wp-json\/wp\/v2\/product_tag?post=478"}],"curies":[{"name":"wp","href":"https:\/\/api.w.org\/{rel}","templated":true}]}}